{"id":28661,"date":"2026-03-10T17:53:31","date_gmt":"2026-03-10T16:53:31","guid":{"rendered":"https:\/\/taceconomics.com\/?page_id=28661"},"modified":"2026-03-17T16:56:53","modified_gmt":"2026-03-17T15:56:53","slug":"outils-de-surveillance-des-risques-bancaires-essai-gratuit","status":"publish","type":"page","link":"https:\/\/taceconomics.com\/fr\/bank-monitorings-risk-tools-free-trial\/","title":{"rendered":"Formulaire H P &#8211; 8Bank Monitoring Risk Tools &#8211; CONTACT"},"content":{"rendered":"\t\t<div data-elementor-type=\"wp-page\" data-elementor-id=\"28661\" class=\"elementor elementor-28661\" data-elementor-post-type=\"page\">\n\t\t\t\t<div class=\"elementor-element elementor-element-f55b416 e-flex e-con-boxed e-con e-parent\" data-id=\"f55b416\" data-element_type=\"container\" data-e-type=\"container\" data-settings=\"{&quot;background_background&quot;:&quot;classic&quot;}\">\n\t\t\t\t\t<div class=\"e-con-inner\">\n\t\t<div class=\"elementor-element elementor-element-d570f17 e-con-full e-flex e-con e-child\" data-id=\"d570f17\" data-element_type=\"container\" data-e-type=\"container\">\n\t\t\t\t<div class=\"elementor-element elementor-element-417bcbc elementor-widget elementor-widget-heading\" data-id=\"417bcbc\" data-element_type=\"widget\" data-e-type=\"widget\" data-widget_type=\"heading.default\">\n\t\t\t\t\t<h1 class=\"elementor-heading-title elementor-size-default\">Bank Monitoring Risk Tools<\/h1>\t\t\t\t<\/div>\n\t\t\t\t<\/div>\n\t\t\t\t\t<\/div>\n\t\t\t\t<\/div>\n\t\t<div class=\"elementor-element elementor-element-3787a6e e-flex e-con-boxed e-con e-parent\" data-id=\"3787a6e\" data-element_type=\"container\" data-e-type=\"container\">\n\t\t\t\t\t<div class=\"e-con-inner\">\n\t\t<div class=\"elementor-element elementor-element-de7b732 e-con-full e-flex e-con e-child\" data-id=\"de7b732\" data-element_type=\"container\" data-e-type=\"container\">\n\t\t<div class=\"elementor-element elementor-element-165924e e-con-full e-flex e-con e-child\" data-id=\"165924e\" data-element_type=\"container\" data-e-type=\"container\">\n\t\t\t\t<div class=\"elementor-element elementor-element-96b0da4 elementor-widget elementor-widget-heading\" data-id=\"96b0da4\" data-element_type=\"widget\" data-e-type=\"widget\" data-widget_type=\"heading.default\">\n\t\t\t\t\t<h2 class=\"elementor-heading-title elementor-size-default\">Assess the vulnerability of banks and the risks to the banking system with TAC ECONOMICS tools!<\/h2>\t\t\t\t<\/div>\n\t\t\t\t<div class=\"elementor-element elementor-element-8a75382 elementor-widget-divider--view-line elementor-widget elementor-widget-divider\" data-id=\"8a75382\" data-element_type=\"widget\" data-e-type=\"widget\" data-widget_type=\"divider.default\">\n\t\t\t\t\t\t\t<div class=\"elementor-divider\">\n\t\t\t<span class=\"elementor-divider-separator\">\n\t\t\t\t\t\t<\/span>\n\t\t<\/div>\n\t\t\t\t\t\t<\/div>\n\t\t\t\t<\/div>\n\t\t\t\t<div class=\"elementor-element elementor-element-667ca56 elementor-widget elementor-widget-text-editor\" data-id=\"667ca56\" data-element_type=\"widget\" data-e-type=\"widget\" data-widget_type=\"text-editor.default\">\n\t\t\t\t\t\t\t\t\t<p>Start your free trial of TAC ECONOMICS bank monitoring and country risk tools today. Assess counterparty risk, systemic banking vulnerabilities and global financial risks with our quantitative models and expert insights.<\/p><p><b>To request a presentation of the service, complete the form<\/b><\/p><p><b>\u00a0<\/b><\/p><p><b>\u00a0<\/b><\/p><p><b>\u00a0<\/b><\/p><p><b>\u00a0<\/b><\/p>\t\t\t\t\t\t\t\t<\/div>\n\t\t\t\t<\/div>\n\t\t<div class=\"elementor-element elementor-element-75d9952 e-con-full e-flex e-con e-child\" data-id=\"75d9952\" data-element_type=\"container\" data-e-type=\"container\" data-settings=\"{&quot;background_background&quot;:&quot;gradient&quot;}\">\n\t\t\t\t<div class=\"elementor-element elementor-element-0fdd1e3 elementor-button-align-stretch elementor-widget elementor-widget-form\" data-id=\"0fdd1e3\" data-element_type=\"widget\" data-e-type=\"widget\" data-settings=\"{&quot;step_next_label&quot;:&quot;Suivant&quot;,&quot;step_previous_label&quot;:&quot;Pr\\u00e9c\\u00e9dent&quot;,&quot;button_width&quot;:&quot;100&quot;,&quot;step_type&quot;:&quot;number_text&quot;,&quot;step_icon_shape&quot;:&quot;circle&quot;}\" data-widget_type=\"form.default\">\n\t\t\t\t\t\t\t<form class=\"elementor-form\" method=\"post\" name=\"Bank Monitoring Risk Tools\" aria-label=\"Bank Monitoring Risk Tools\">\n\t\t\t<input type=\"hidden\" name=\"post_id\" value=\"28661\"\/>\n\t\t\t<input type=\"hidden\" name=\"form_id\" value=\"0fdd1e3\"\/>\n\t\t\t<input type=\"hidden\" name=\"referer_title\" value=\"Bank Monitoring &amp; Risk Analysis Tools | Free Trial \u2013 TAC ECONOMICS\" \/>\n\n\t\t\t\t\t\t\t<input type=\"hidden\" name=\"queried_id\" value=\"28661\"\/>\n\t\t\t\n\t\t\t<div class=\"elementor-form-fields-wrapper elementor-labels-above\">\n\t\t\t\t\t\t\t\t<div class=\"elementor-field-type-text elementor-field-group elementor-column elementor-field-group-field_a9d37fe elementor-col-100 elementor-field-required elementor-mark-required\">\n\t\t\t\t\t\t\t\t\t\t\t\t<label for=\"form-field-field_a9d37fe\" class=\"elementor-field-label\">\n\t\t\t\t\t\t\t\tFirst Name\t\t\t\t\t\t\t<\/label>\n\t\t\t\t\t\t\t\t\t\t\t\t\t\t<input size=\"1\" type=\"text\" name=\"form_fields[field_a9d37fe]\" id=\"form-field-field_a9d37fe\" class=\"elementor-field elementor-size-xs  elementor-field-textual\" required=\"required\">\n\t\t\t\t\t\t\t\t\t\t\t<\/div>\n\t\t\t\t\t\t\t\t<div class=\"elementor-field-type-text elementor-field-group elementor-column elementor-field-group-LastName elementor-col-100 elementor-field-required elementor-mark-required\">\n\t\t\t\t\t\t\t\t\t\t\t\t<label for=\"form-field-LastName\" class=\"elementor-field-label\">\n\t\t\t\t\t\t\t\tLast Name\t\t\t\t\t\t\t<\/label>\n\t\t\t\t\t\t\t\t\t\t\t\t\t\t<input size=\"1\" type=\"text\" name=\"form_fields[LastName]\" id=\"form-field-LastName\" class=\"elementor-field elementor-size-xs  elementor-field-textual\" required=\"required\">\n\t\t\t\t\t\t\t\t\t\t\t<\/div>\n\t\t\t\t\t\t\t\t<div class=\"elementor-field-type-email elementor-field-group elementor-column elementor-field-group-email elementor-col-100 elementor-field-required elementor-mark-required\">\n\t\t\t\t\t\t\t\t\t\t\t\t<label for=\"form-field-email\" class=\"elementor-field-label\">\n\t\t\t\t\t\t\t\tProfessional Email\t\t\t\t\t\t\t<\/label>\n\t\t\t\t\t\t\t\t\t\t\t\t\t\t<input size=\"1\" type=\"email\" name=\"form_fields[email]\" id=\"form-field-email\" class=\"elementor-field elementor-size-xs  elementor-field-textual\" required=\"required\">\n\t\t\t\t\t\t\t\t\t\t\t<\/div>\n\t\t\t\t\t\t\t\t<div class=\"elementor-field-type-text elementor-field-group elementor-column elementor-field-group-field_7eb30ef elementor-col-100 elementor-field-required elementor-mark-required\">\n\t\t\t\t\t\t\t\t\t\t\t\t<label for=\"form-field-field_7eb30ef\" class=\"elementor-field-label\">\n\t\t\t\t\t\t\t\tFunction\/Job Title\t\t\t\t\t\t\t<\/label>\n\t\t\t\t\t\t\t\t\t\t\t\t\t\t<input size=\"1\" type=\"text\" name=\"form_fields[field_7eb30ef]\" id=\"form-field-field_7eb30ef\" class=\"elementor-field elementor-size-xs  elementor-field-textual\" required=\"required\">\n\t\t\t\t\t\t\t\t\t\t\t<\/div>\n\t\t\t\t\t\t\t\t<div class=\"elementor-field-type-textarea elementor-field-group elementor-column elementor-field-group-message elementor-col-100 elementor-field-required elementor-mark-required\">\n\t\t\t\t\t\t\t\t\t\t\t\t<label for=\"form-field-message\" class=\"elementor-field-label\">\n\t\t\t\t\t\t\t\tMessage\t\t\t\t\t\t\t<\/label>\n\t\t\t\t\t\t<textarea class=\"elementor-field-textual elementor-field  elementor-size-xs\" name=\"form_fields[message]\" id=\"form-field-message\" rows=\"6\" required=\"required\"><\/textarea>\t\t\t\t<\/div>\n\t\t\t\t\t\t\t\t<div class=\"elementor-field-type-checkbox elementor-field-group elementor-column elementor-field-group-field_3e09244 elementor-col-100\">\n\t\t\t\t\t<div class=\"elementor-field-subgroup  elementor-subgroup-inline\"><span class=\"elementor-field-option\"><input type=\"checkbox\" value=\"I consent to receive TAC ECONOMICS newsletters, product announcements, webinar and event invitations. I understand that I can withdraw my consent at any time. For more information, please see our Privacy Policy.\" id=\"form-field-field_3e09244-0\" name=\"form_fields[field_3e09244]\"> <label for=\"form-field-field_3e09244-0\">I consent to receive TAC ECONOMICS newsletters, product announcements, webinar and event invitations. I understand that I can withdraw my consent at any time. For more information, please see our Privacy Policy.<\/label><\/span><\/div>\t\t\t\t<\/div>\n\t\t\t\t\t\t\t\t<div class=\"elementor-field-group elementor-column elementor-field-type-submit elementor-col-100 e-form__buttons\">\n\t\t\t\t\t<button class=\"elementor-button elementor-size-sm\" type=\"submit\">\n\t\t\t\t\t\t<span class=\"elementor-button-content-wrapper\">\n\t\t\t\t\t\t\t\t\t\t\t\t\t\t\t\t\t\t\t\t\t\t<span class=\"elementor-button-text\">SUBMIT<\/span>\n\t\t\t\t\t\t\t\t\t\t\t\t\t<\/span>\n\t\t\t\t\t<\/button>\n\t\t\t\t<\/div>\n\t\t\t<\/div>\n\t\t<\/form>\n\t\t\t\t\t\t<\/div>\n\t\t\t\t<\/div>\n\t\t\t\t\t<\/div>\n\t\t\t\t<\/div>\n\t\t<div class=\"elementor-element elementor-element-2d697f0 e-flex e-con-boxed e-con e-parent\" data-id=\"2d697f0\" data-element_type=\"container\" data-e-type=\"container\">\n\t\t\t\t\t<div class=\"e-con-inner\">\n\t\t<div class=\"elementor-element elementor-element-c1fb93d e-con-full e-flex e-con e-child\" data-id=\"c1fb93d\" data-element_type=\"container\" data-e-type=\"container\">\n\t\t\t\t<div class=\"elementor-element elementor-element-91590df elementor-widget elementor-widget-text-editor\" data-id=\"91590df\" data-element_type=\"widget\" data-e-type=\"widget\" data-widget_type=\"text-editor.default\">\n\t\t\t\t\t\t\t\t\t<p><a href=\"https:\/\/taceconomics.com\/\" target=\"_blank\">\u2190 Back to home<\/a><br><\/p>\t\t\t\t\t\t\t\t<\/div>\n\t\t\t\t<\/div>\n\t\t\t\t\t<\/div>\n\t\t\t\t<\/div>\n\t\t\t\t<\/div>\n\t\t","protected":false},"excerpt":{"rendered":"<p>Testez les outils de surveillance bancaire et d'analyse des risques de TAC ECONOMICS pour suivre le risque de contrepartie, les vuln\u00e9rabilit\u00e9s du secteur bancaire et les indicateurs de risque-pays \u00e0 l'\u00e9chelle mondiale.<\/p>","protected":false},"author":5,"featured_media":0,"parent":0,"menu_order":0,"comment_status":"closed","ping_status":"closed","template":"elementor_header_footer","meta":{"_monsterinsights_skip_tracking":false,"_monsterinsights_sitenote_active":false,"_monsterinsights_sitenote_note":"","_monsterinsights_sitenote_category":0,"footnotes":""},"class_list":["post-28661","page","type-page","status-publish","hentry"],"yoast_head":"<!-- This site is optimized with the Yoast SEO plugin v27.2 - https:\/\/yoast.com\/product\/yoast-seo-wordpress\/ -->\n<title>Bank Monitoring &amp; Risk Analysis Tools | Free Trial \u2013 TAC ECONOMICS<\/title>\n<meta name=\"description\" content=\"Request a free trial of TAC ECONOMICS bank monitoring risk tools and analyse counterparty risk, banking sector stability and country risk indicators.\" \/>\n<meta name=\"robots\" content=\"index, follow, max-snippet:-1, max-image-preview:large, max-video-preview:-1\" \/>\n<link rel=\"canonical\" href=\"https:\/\/taceconomics.com\/fr\/outils-de-surveillance-des-risques-bancaires-essai-gratuit\/\" \/>\n<meta property=\"og:locale\" content=\"fr_FR\" \/>\n<meta property=\"og:type\" content=\"article\" \/>\n<meta property=\"og:title\" content=\"Bank Monitoring &amp; Risk Analysis Tools | Free Trial \u2013 TAC ECONOMICS\" \/>\n<meta property=\"og:description\" content=\"Request a free trial of TAC ECONOMICS bank monitoring risk tools and analyse counterparty risk, banking sector stability and country risk indicators.\" \/>\n<meta property=\"og:url\" content=\"https:\/\/taceconomics.com\/fr\/outils-de-surveillance-des-risques-bancaires-essai-gratuit\/\" \/>\n<meta property=\"og:site_name\" content=\"TAC ECONOMICS\" \/>\n<meta property=\"article:modified_time\" content=\"2026-03-17T15:56:53+00:00\" \/>\n<meta name=\"twitter:card\" content=\"summary_large_image\" \/>\n<meta name=\"twitter:label1\" content=\"Dur\u00e9e de lecture estim\u00e9e\" \/>\n\t<meta name=\"twitter:data1\" content=\"1 minute\" \/>\n<script type=\"application\/ld+json\" class=\"yoast-schema-graph\">{\"@context\":\"https:\/\/schema.org\",\"@graph\":[{\"@type\":\"WebPage\",\"@id\":\"https:\/\/taceconomics.com\/bank-monitorings-risk-tools-free-trial\/\",\"url\":\"https:\/\/taceconomics.com\/bank-monitorings-risk-tools-free-trial\/\",\"name\":\"Bank Monitoring & Risk Analysis Tools | Free Trial \u2013 TAC ECONOMICS\",\"isPartOf\":{\"@id\":\"https:\/\/taceconomics.com\/en\/#website\"},\"datePublished\":\"2026-03-10T16:53:31+00:00\",\"dateModified\":\"2026-03-17T15:56:53+00:00\",\"description\":\"Request a free trial of TAC ECONOMICS bank monitoring risk tools and analyse counterparty risk, banking sector stability and country risk indicators.\",\"breadcrumb\":{\"@id\":\"https:\/\/taceconomics.com\/bank-monitorings-risk-tools-free-trial\/#breadcrumb\"},\"inLanguage\":\"fr-FR\",\"potentialAction\":[{\"@type\":\"ReadAction\",\"target\":[\"https:\/\/taceconomics.com\/bank-monitorings-risk-tools-free-trial\/\"]}]},{\"@type\":\"BreadcrumbList\",\"@id\":\"https:\/\/taceconomics.com\/bank-monitorings-risk-tools-free-trial\/#breadcrumb\",\"itemListElement\":[{\"@type\":\"ListItem\",\"position\":1,\"name\":\"Home\",\"item\":\"https:\/\/taceconomics.com\/\"},{\"@type\":\"ListItem\",\"position\":2,\"name\":\"Formulaire H P &#8211; 8Bank Monitoring Risk Tools &#8211; CONTACT\"}]},{\"@type\":\"WebSite\",\"@id\":\"https:\/\/taceconomics.com\/en\/#website\",\"url\":\"https:\/\/taceconomics.com\/en\/\",\"name\":\"TAC ECONOMICS\",\"description\":\"Economics and Financial Advisory\",\"publisher\":{\"@id\":\"https:\/\/taceconomics.com\/en\/#organization\"},\"potentialAction\":[{\"@type\":\"SearchAction\",\"target\":{\"@type\":\"EntryPoint\",\"urlTemplate\":\"https:\/\/taceconomics.com\/en\/?s={search_term_string}\"},\"query-input\":{\"@type\":\"PropertyValueSpecification\",\"valueRequired\":true,\"valueName\":\"search_term_string\"}}],\"inLanguage\":\"fr-FR\"},{\"@type\":\"Organization\",\"@id\":\"https:\/\/taceconomics.com\/en\/#organization\",\"name\":\"TAC ECONOMICS\",\"url\":\"https:\/\/taceconomics.com\/en\/\",\"logo\":{\"@type\":\"ImageObject\",\"inLanguage\":\"fr-FR\",\"@id\":\"https:\/\/taceconomics.com\/en\/#\/schema\/logo\/image\/\",\"url\":\"https:\/\/taceconomics.com\/wp-content\/uploads\/2024\/10\/TAC-logo.jpg\",\"contentUrl\":\"https:\/\/taceconomics.com\/wp-content\/uploads\/2024\/10\/TAC-logo.jpg\",\"width\":600,\"height\":320,\"caption\":\"TAC ECONOMICS\"},\"image\":{\"@id\":\"https:\/\/taceconomics.com\/en\/#\/schema\/logo\/image\/\"},\"sameAs\":[\"https:\/\/www.linkedin.com\/company\/tac-economics?originalSubdomain=fr\"]}]}<\/script>\n<!-- \/ Yoast SEO plugin. -->","yoast_head_json":{"title":"Outils de surveillance des banques et d'analyse des risques | Essai gratuit \u2013 TAC ECONOMICS","description":"Demandez un essai gratuit des outils de surveillance des risques bancaires de TAC ECONOMICS et analysez les indicateurs relatifs au risque de contrepartie, \u00e0 la stabilit\u00e9 du secteur bancaire et au risque-pays.","robots":{"index":"index","follow":"follow","max-snippet":"max-snippet:-1","max-image-preview":"max-image-preview:large","max-video-preview":"max-video-preview:-1"},"canonical":"https:\/\/taceconomics.com\/fr\/outils-de-surveillance-des-risques-bancaires-essai-gratuit\/","og_locale":"fr_FR","og_type":"article","og_title":"Bank Monitoring & Risk Analysis Tools | Free Trial \u2013 TAC ECONOMICS","og_description":"Request a free trial of TAC ECONOMICS bank monitoring risk tools and analyse counterparty risk, banking sector stability and country risk indicators.","og_url":"https:\/\/taceconomics.com\/fr\/outils-de-surveillance-des-risques-bancaires-essai-gratuit\/","og_site_name":"TAC ECONOMICS","article_modified_time":"2026-03-17T15:56:53+00:00","twitter_card":"summary_large_image","twitter_misc":{"Dur\u00e9e de lecture estim\u00e9e":"1 minute"},"schema":{"@context":"https:\/\/schema.org","@graph":[{"@type":"WebPage","@id":"https:\/\/taceconomics.com\/bank-monitorings-risk-tools-free-trial\/","url":"https:\/\/taceconomics.com\/bank-monitorings-risk-tools-free-trial\/","name":"Outils de surveillance des banques et d'analyse des risques | Essai gratuit \u2013 TAC ECONOMICS","isPartOf":{"@id":"https:\/\/taceconomics.com\/en\/#website"},"datePublished":"2026-03-10T16:53:31+00:00","dateModified":"2026-03-17T15:56:53+00:00","description":"Demandez un essai gratuit des outils de surveillance des risques bancaires de TAC ECONOMICS et analysez les indicateurs relatifs au risque de contrepartie, \u00e0 la stabilit\u00e9 du secteur bancaire et au risque-pays.","breadcrumb":{"@id":"https:\/\/taceconomics.com\/bank-monitorings-risk-tools-free-trial\/#breadcrumb"},"inLanguage":"fr-FR","potentialAction":[{"@type":"ReadAction","target":["https:\/\/taceconomics.com\/bank-monitorings-risk-tools-free-trial\/"]}]},{"@type":"BreadcrumbList","@id":"https:\/\/taceconomics.com\/bank-monitorings-risk-tools-free-trial\/#breadcrumb","itemListElement":[{"@type":"ListItem","position":1,"name":"Home","item":"https:\/\/taceconomics.com\/"},{"@type":"ListItem","position":2,"name":"Formulaire H P &#8211; 8Bank Monitoring Risk Tools &#8211; CONTACT"}]},{"@type":"WebSite","@id":"https:\/\/taceconomics.com\/en\/#website","url":"https:\/\/taceconomics.com\/en\/","name":"TAC ECONOMICS","description":"Conseil \u00e9conomique et financier","publisher":{"@id":"https:\/\/taceconomics.com\/en\/#organization"},"potentialAction":[{"@type":"SearchAction","target":{"@type":"EntryPoint","urlTemplate":"https:\/\/taceconomics.com\/en\/?s={search_term_string}"},"query-input":{"@type":"PropertyValueSpecification","valueRequired":true,"valueName":"search_term_string"}}],"inLanguage":"fr-FR"},{"@type":"Organization","@id":"https:\/\/taceconomics.com\/en\/#organization","name":"TAC ECONOMICS","url":"https:\/\/taceconomics.com\/en\/","logo":{"@type":"ImageObject","inLanguage":"fr-FR","@id":"https:\/\/taceconomics.com\/en\/#\/schema\/logo\/image\/","url":"https:\/\/taceconomics.com\/wp-content\/uploads\/2024\/10\/TAC-logo.jpg","contentUrl":"https:\/\/taceconomics.com\/wp-content\/uploads\/2024\/10\/TAC-logo.jpg","width":600,"height":320,"caption":"TAC ECONOMICS"},"image":{"@id":"https:\/\/taceconomics.com\/en\/#\/schema\/logo\/image\/"},"sameAs":["https:\/\/www.linkedin.com\/company\/tac-economics?originalSubdomain=fr"]}]}},"_links":{"self":[{"href":"https:\/\/taceconomics.com\/fr\/wp-json\/wp\/v2\/pages\/28661","targetHints":{"allow":["GET"]}}],"collection":[{"href":"https:\/\/taceconomics.com\/fr\/wp-json\/wp\/v2\/pages"}],"about":[{"href":"https:\/\/taceconomics.com\/fr\/wp-json\/wp\/v2\/types\/page"}],"author":[{"embeddable":true,"href":"https:\/\/taceconomics.com\/fr\/wp-json\/wp\/v2\/users\/5"}],"replies":[{"embeddable":true,"href":"https:\/\/taceconomics.com\/fr\/wp-json\/wp\/v2\/comments?post=28661"}],"version-history":[{"count":19,"href":"https:\/\/taceconomics.com\/fr\/wp-json\/wp\/v2\/pages\/28661\/revisions"}],"predecessor-version":[{"id":28961,"href":"https:\/\/taceconomics.com\/fr\/wp-json\/wp\/v2\/pages\/28661\/revisions\/28961"}],"wp:attachment":[{"href":"https:\/\/taceconomics.com\/fr\/wp-json\/wp\/v2\/media?parent=28661"}],"curies":[{"name":"wp","href":"https:\/\/api.w.org\/{rel}","templated":true}]}}