{"id":18340,"date":"2024-03-01T12:14:10","date_gmt":"2024-03-01T11:14:10","guid":{"rendered":"https:\/\/taceconomics.com\/?page_id=18340"},"modified":"2026-03-17T16:53:37","modified_gmt":"2026-03-17T15:53:37","slug":"essai-gratuit-suivi-risque-pays","status":"publish","type":"page","link":"https:\/\/taceconomics.com\/fr\/country-risk-monitoring-free-trial\/","title":{"rendered":"Formulaire H P &#8211; 2Country Risk Monitoring-CONTACT"},"content":{"rendered":"\t\t<div data-elementor-type=\"wp-page\" data-elementor-id=\"18340\" class=\"elementor elementor-18340\" data-elementor-post-type=\"page\">\n\t\t\t\t<div class=\"elementor-element elementor-element-98f5fc3 e-flex e-con-boxed e-con e-parent\" data-id=\"98f5fc3\" data-element_type=\"container\" data-e-type=\"container\" data-settings=\"{&quot;background_background&quot;:&quot;classic&quot;}\">\n\t\t\t\t\t<div class=\"e-con-inner\">\n\t\t<div class=\"elementor-element elementor-element-79f520a e-con-full e-flex e-con e-child\" data-id=\"79f520a\" data-element_type=\"container\" data-e-type=\"container\">\n\t\t\t\t<div class=\"elementor-element elementor-element-d0b9e2d elementor-widget elementor-widget-heading\" data-id=\"d0b9e2d\" data-element_type=\"widget\" data-e-type=\"widget\" data-widget_type=\"heading.default\">\n\t\t\t\t\t<h1 class=\"elementor-heading-title elementor-size-default\">Country Risk Monitoring<\/h1>\t\t\t\t<\/div>\n\t\t\t\t<\/div>\n\t\t\t\t\t<\/div>\n\t\t\t\t<\/div>\n\t\t<div class=\"elementor-element elementor-element-506b9f9 e-flex e-con-boxed e-con e-parent\" data-id=\"506b9f9\" data-element_type=\"container\" data-e-type=\"container\">\n\t\t\t\t\t<div class=\"e-con-inner\">\n\t\t<div class=\"elementor-element elementor-element-1f6c800 e-con-full e-flex e-con e-child\" data-id=\"1f6c800\" data-element_type=\"container\" data-e-type=\"container\">\n\t\t<div class=\"elementor-element elementor-element-1ed8613 e-con-full e-flex e-con e-child\" data-id=\"1ed8613\" data-element_type=\"container\" data-e-type=\"container\">\n\t\t\t\t<div class=\"elementor-element elementor-element-f25c212 elementor-widget elementor-widget-heading\" data-id=\"f25c212\" data-element_type=\"widget\" data-e-type=\"widget\" data-widget_type=\"heading.default\">\n\t\t\t\t\t<h2 class=\"elementor-heading-title elementor-size-default\">Explore our Country Risk Monitoring Subscription Services<\/h2>\t\t\t\t<\/div>\n\t\t\t\t<div class=\"elementor-element elementor-element-860346e elementor-widget-divider--view-line elementor-widget elementor-widget-divider\" data-id=\"860346e\" data-element_type=\"widget\" data-e-type=\"widget\" data-widget_type=\"divider.default\">\n\t\t\t\t\t\t\t<div class=\"elementor-divider\">\n\t\t\t<span class=\"elementor-divider-separator\">\n\t\t\t\t\t\t<\/span>\n\t\t<\/div>\n\t\t\t\t\t\t<\/div>\n\t\t\t\t<div class=\"elementor-element elementor-element-3307deb elementor-widget elementor-widget-text-editor\" data-id=\"3307deb\" data-element_type=\"widget\" data-e-type=\"widget\" data-widget_type=\"text-editor.default\">\n\t\t\t\t\t\t\t\t\t<p>TAC ECONOMICS provides comprehensive coverage over 100 emerging and developing countries. Our EM service includes regular publications (monthly comments, quarterly reports including analytics and forecasts on countries, currencies, industries, commodities) access to our team of economists, one-to-one presentations on our scenarios and access to our proprietary indicators, ratings and early warning signals.<\/p><p><b>To get our full publication kindly complete the form<\/b><\/p>\t\t\t\t\t\t\t\t<\/div>\n\t\t\t\t<\/div>\n\t\t\t\t<\/div>\n\t\t<div class=\"elementor-element elementor-element-254caec e-con-full e-flex e-con e-child\" data-id=\"254caec\" data-element_type=\"container\" data-e-type=\"container\" data-settings=\"{&quot;background_background&quot;:&quot;gradient&quot;}\">\n\t\t\t\t<div class=\"elementor-element elementor-element-3bc2ac6 elementor-button-align-stretch elementor-widget elementor-widget-form\" data-id=\"3bc2ac6\" data-element_type=\"widget\" data-e-type=\"widget\" data-settings=\"{&quot;step_next_label&quot;:&quot;Suivant&quot;,&quot;step_previous_label&quot;:&quot;Pr\\u00e9c\\u00e9dent&quot;,&quot;button_width&quot;:&quot;100&quot;,&quot;step_type&quot;:&quot;number_text&quot;,&quot;step_icon_shape&quot;:&quot;circle&quot;}\" data-widget_type=\"form.default\">\n\t\t\t\t\t\t\t<form class=\"elementor-form\" method=\"post\" name=\"Nouveau formulaire\" aria-label=\"Nouveau formulaire\">\n\t\t\t<input type=\"hidden\" name=\"post_id\" value=\"18340\"\/>\n\t\t\t<input type=\"hidden\" name=\"form_id\" value=\"3bc2ac6\"\/>\n\t\t\t<input type=\"hidden\" name=\"referer_title\" value=\"Country Risk Monitoring | Free Trial \u2013 TAC ECONOMICS\" \/>\n\n\t\t\t\t\t\t\t<input type=\"hidden\" name=\"queried_id\" value=\"18340\"\/>\n\t\t\t\n\t\t\t<div class=\"elementor-form-fields-wrapper elementor-labels-above\">\n\t\t\t\t\t\t\t\t<div class=\"elementor-field-type-text elementor-field-group elementor-column elementor-field-group-name elementor-col-100\">\n\t\t\t\t\t\t\t\t\t\t\t\t<label for=\"form-field-name\" class=\"elementor-field-label\">\n\t\t\t\t\t\t\t\tFirst Name\t\t\t\t\t\t\t<\/label>\n\t\t\t\t\t\t\t\t\t\t\t\t\t\t<input size=\"1\" type=\"text\" name=\"form_fields[name]\" id=\"form-field-name\" class=\"elementor-field elementor-size-sm  elementor-field-textual\">\n\t\t\t\t\t\t\t\t\t\t\t<\/div>\n\t\t\t\t\t\t\t\t<div class=\"elementor-field-type-text elementor-field-group elementor-column elementor-field-group-field_aae8f5b elementor-col-100\">\n\t\t\t\t\t\t\t\t\t\t\t\t<label for=\"form-field-field_aae8f5b\" class=\"elementor-field-label\">\n\t\t\t\t\t\t\t\tLast Name\t\t\t\t\t\t\t<\/label>\n\t\t\t\t\t\t\t\t\t\t\t\t\t\t<input size=\"1\" type=\"text\" name=\"form_fields[field_aae8f5b]\" id=\"form-field-field_aae8f5b\" class=\"elementor-field elementor-size-sm  elementor-field-textual\">\n\t\t\t\t\t\t\t\t\t\t\t<\/div>\n\t\t\t\t\t\t\t\t<div class=\"elementor-field-type-email elementor-field-group elementor-column elementor-field-group-email elementor-col-100 elementor-field-required elementor-mark-required\">\n\t\t\t\t\t\t\t\t\t\t\t\t<label for=\"form-field-email\" class=\"elementor-field-label\">\n\t\t\t\t\t\t\t\tFunction\/Job title\t\t\t\t\t\t\t<\/label>\n\t\t\t\t\t\t\t\t\t\t\t\t\t\t<input size=\"1\" type=\"email\" name=\"form_fields[email]\" id=\"form-field-email\" class=\"elementor-field elementor-size-sm  elementor-field-textual\" required=\"required\">\n\t\t\t\t\t\t\t\t\t\t\t<\/div>\n\t\t\t\t\t\t\t\t<div class=\"elementor-field-type-email elementor-field-group elementor-column elementor-field-group-field_9f72c77 elementor-col-100 elementor-field-required elementor-mark-required\">\n\t\t\t\t\t\t\t\t\t\t\t\t<label for=\"form-field-field_9f72c77\" class=\"elementor-field-label\">\n\t\t\t\t\t\t\t\tProfessional Email\t\t\t\t\t\t\t<\/label>\n\t\t\t\t\t\t\t\t\t\t\t\t\t\t<input size=\"1\" type=\"email\" name=\"form_fields[field_9f72c77]\" id=\"form-field-field_9f72c77\" class=\"elementor-field elementor-size-sm  elementor-field-textual\" required=\"required\">\n\t\t\t\t\t\t\t\t\t\t\t<\/div>\n\t\t\t\t\t\t\t\t<div class=\"elementor-field-type-textarea elementor-field-group elementor-column elementor-field-group-message elementor-col-100\">\n\t\t\t\t\t\t\t\t\t\t\t\t<label for=\"form-field-message\" class=\"elementor-field-label\">\n\t\t\t\t\t\t\t\tMessage\t\t\t\t\t\t\t<\/label>\n\t\t\t\t\t\t<textarea class=\"elementor-field-textual elementor-field  elementor-size-sm\" name=\"form_fields[message]\" id=\"form-field-message\" rows=\"6\"><\/textarea>\t\t\t\t<\/div>\n\t\t\t\t\t\t\t\t<div class=\"elementor-field-type-checkbox elementor-field-group elementor-column elementor-field-group-field_b084e77 elementor-col-100\">\n\t\t\t\t\t<div class=\"elementor-field-subgroup  elementor-subgroup-inline\"><span class=\"elementor-field-option\"><input type=\"checkbox\" value=\"I consent to receive TAC ECONOMICS newsletters, product announcements, webinar and event invitations. I understand that I can withdraw my consent at any time. For more information, please see our Privacy Policy.\" id=\"form-field-field_b084e77-0\" name=\"form_fields[field_b084e77]\"> <label for=\"form-field-field_b084e77-0\">I consent to receive TAC ECONOMICS newsletters, product announcements, webinar and event invitations. I understand that I can withdraw my consent at any time. For more information, please see our Privacy Policy.<\/label><\/span><\/div>\t\t\t\t<\/div>\n\t\t\t\t\t\t\t\t<div class=\"elementor-field-group elementor-column elementor-field-type-submit elementor-col-100 e-form__buttons\">\n\t\t\t\t\t<button class=\"elementor-button elementor-size-sm\" type=\"submit\">\n\t\t\t\t\t\t<span class=\"elementor-button-content-wrapper\">\n\t\t\t\t\t\t\t\t\t\t\t\t\t\t\t\t\t\t\t\t\t\t<span class=\"elementor-button-text\">SUBMIT<\/span>\n\t\t\t\t\t\t\t\t\t\t\t\t\t<\/span>\n\t\t\t\t\t<\/button>\n\t\t\t\t<\/div>\n\t\t\t<\/div>\n\t\t<\/form>\n\t\t\t\t\t\t<\/div>\n\t\t<div class=\"elementor-element elementor-element-21ae277 e-con-full e-flex e-con e-child\" data-id=\"21ae277\" data-element_type=\"container\" data-e-type=\"container\">\n\t\t<div class=\"elementor-element elementor-element-bbcd85a e-con-full e-flex e-con e-child\" data-id=\"bbcd85a\" data-element_type=\"container\" data-e-type=\"container\">\n\t\t\t\t<\/div>\n\t\t\t\t<\/div>\n\t\t\t\t<\/div>\n\t\t\t\t\t<\/div>\n\t\t\t\t<\/div>\n\t\t\t\t<\/div>\n\t\t","protected":false},"excerpt":{"rendered":"<p>Testez gratuitement les outils de suivi des risques pays de TAC ECONOMICS pour surveiller les risques g\u00e9opolitiques, \u00e9conomiques et financiers gr\u00e2ce \u00e0 des indicateurs de risque et des analyses avanc\u00e9s.<\/p>","protected":false},"author":5,"featured_media":0,"parent":0,"menu_order":0,"comment_status":"closed","ping_status":"closed","template":"","meta":{"_monsterinsights_skip_tracking":false,"_monsterinsights_sitenote_active":false,"_monsterinsights_sitenote_note":"","_monsterinsights_sitenote_category":0,"footnotes":""},"class_list":["post-18340","page","type-page","status-publish","hentry"],"yoast_head":"<!-- This site is optimized with the Yoast SEO plugin v27.2 - https:\/\/yoast.com\/product\/yoast-seo-wordpress\/ -->\n<title>Country Risk Monitoring | Free Trial \u2013 TAC ECONOMICS<\/title>\n<meta name=\"description\" content=\"Start your free trial of Country Risk Monitoring today and get instant insights on economic, political, and financial risks worldwide.\" \/>\n<meta name=\"robots\" content=\"index, follow, max-snippet:-1, max-image-preview:large, max-video-preview:-1\" \/>\n<link rel=\"canonical\" href=\"https:\/\/taceconomics.com\/fr\/essai-gratuit-suivi-risque-pays\/\" \/>\n<meta property=\"og:locale\" content=\"fr_FR\" \/>\n<meta property=\"og:type\" content=\"article\" \/>\n<meta property=\"og:title\" content=\"Country Risk Monitoring | Free Trial \u2013 TAC ECONOMICS\" \/>\n<meta property=\"og:description\" content=\"Start your free trial of Country Risk Monitoring today and get instant insights on economic, political, and financial risks worldwide.\" \/>\n<meta property=\"og:url\" content=\"https:\/\/taceconomics.com\/fr\/essai-gratuit-suivi-risque-pays\/\" \/>\n<meta property=\"og:site_name\" content=\"TAC ECONOMICS\" \/>\n<meta property=\"article:modified_time\" content=\"2026-03-17T15:53:37+00:00\" \/>\n<meta name=\"twitter:card\" content=\"summary_large_image\" \/>\n<meta name=\"twitter:label1\" content=\"Dur\u00e9e de lecture estim\u00e9e\" \/>\n\t<meta name=\"twitter:data1\" content=\"1 minute\" \/>\n<script type=\"application\/ld+json\" class=\"yoast-schema-graph\">{\"@context\":\"https:\/\/schema.org\",\"@graph\":[{\"@type\":\"WebPage\",\"@id\":\"https:\/\/taceconomics.com\/country-risk-monitoring-free-trial\/\",\"url\":\"https:\/\/taceconomics.com\/country-risk-monitoring-free-trial\/\",\"name\":\"Country Risk Monitoring | Free Trial \u2013 TAC ECONOMICS\",\"isPartOf\":{\"@id\":\"https:\/\/taceconomics.com\/en\/#website\"},\"datePublished\":\"2024-03-01T11:14:10+00:00\",\"dateModified\":\"2026-03-17T15:53:37+00:00\",\"description\":\"Start your free trial of Country Risk Monitoring today and get instant insights on economic, political, and financial risks worldwide.\",\"breadcrumb\":{\"@id\":\"https:\/\/taceconomics.com\/country-risk-monitoring-free-trial\/#breadcrumb\"},\"inLanguage\":\"fr-FR\",\"potentialAction\":[{\"@type\":\"ReadAction\",\"target\":[\"https:\/\/taceconomics.com\/country-risk-monitoring-free-trial\/\"]}]},{\"@type\":\"BreadcrumbList\",\"@id\":\"https:\/\/taceconomics.com\/country-risk-monitoring-free-trial\/#breadcrumb\",\"itemListElement\":[{\"@type\":\"ListItem\",\"position\":1,\"name\":\"Home\",\"item\":\"https:\/\/taceconomics.com\/\"},{\"@type\":\"ListItem\",\"position\":2,\"name\":\"Formulaire H P &#8211; 2Country Risk Monitoring-CONTACT\"}]},{\"@type\":\"WebSite\",\"@id\":\"https:\/\/taceconomics.com\/en\/#website\",\"url\":\"https:\/\/taceconomics.com\/en\/\",\"name\":\"TAC ECONOMICS\",\"description\":\"Economics and Financial Advisory\",\"publisher\":{\"@id\":\"https:\/\/taceconomics.com\/en\/#organization\"},\"potentialAction\":[{\"@type\":\"SearchAction\",\"target\":{\"@type\":\"EntryPoint\",\"urlTemplate\":\"https:\/\/taceconomics.com\/en\/?s={search_term_string}\"},\"query-input\":{\"@type\":\"PropertyValueSpecification\",\"valueRequired\":true,\"valueName\":\"search_term_string\"}}],\"inLanguage\":\"fr-FR\"},{\"@type\":\"Organization\",\"@id\":\"https:\/\/taceconomics.com\/en\/#organization\",\"name\":\"TAC ECONOMICS\",\"url\":\"https:\/\/taceconomics.com\/en\/\",\"logo\":{\"@type\":\"ImageObject\",\"inLanguage\":\"fr-FR\",\"@id\":\"https:\/\/taceconomics.com\/en\/#\/schema\/logo\/image\/\",\"url\":\"https:\/\/taceconomics.com\/wp-content\/uploads\/2024\/10\/TAC-logo.jpg\",\"contentUrl\":\"https:\/\/taceconomics.com\/wp-content\/uploads\/2024\/10\/TAC-logo.jpg\",\"width\":600,\"height\":320,\"caption\":\"TAC ECONOMICS\"},\"image\":{\"@id\":\"https:\/\/taceconomics.com\/en\/#\/schema\/logo\/image\/\"},\"sameAs\":[\"https:\/\/www.linkedin.com\/company\/tac-economics?originalSubdomain=fr\"]}]}<\/script>\n<!-- \/ Yoast SEO plugin. -->","yoast_head_json":{"title":"Suivi des risques pays | Essai gratuit \u2013 TAC ECONOMICS","description":"Commencez d\u00e8s aujourd'hui un essai gratuit du Country Risk Monitoring et obtenez des informations instantan\u00e9es sur les risques \u00e9conomiques, politiques et financiers dans le monde entier.","robots":{"index":"index","follow":"follow","max-snippet":"max-snippet:-1","max-image-preview":"max-image-preview:large","max-video-preview":"max-video-preview:-1"},"canonical":"https:\/\/taceconomics.com\/fr\/essai-gratuit-suivi-risque-pays\/","og_locale":"fr_FR","og_type":"article","og_title":"Country Risk Monitoring | Free Trial \u2013 TAC ECONOMICS","og_description":"Start your free trial of Country Risk Monitoring today and get instant insights on economic, political, and financial risks worldwide.","og_url":"https:\/\/taceconomics.com\/fr\/essai-gratuit-suivi-risque-pays\/","og_site_name":"TAC ECONOMICS","article_modified_time":"2026-03-17T15:53:37+00:00","twitter_card":"summary_large_image","twitter_misc":{"Dur\u00e9e de lecture estim\u00e9e":"1 minute"},"schema":{"@context":"https:\/\/schema.org","@graph":[{"@type":"WebPage","@id":"https:\/\/taceconomics.com\/country-risk-monitoring-free-trial\/","url":"https:\/\/taceconomics.com\/country-risk-monitoring-free-trial\/","name":"Suivi des risques pays | Essai gratuit \u2013 TAC ECONOMICS","isPartOf":{"@id":"https:\/\/taceconomics.com\/en\/#website"},"datePublished":"2024-03-01T11:14:10+00:00","dateModified":"2026-03-17T15:53:37+00:00","description":"Commencez d\u00e8s aujourd'hui un essai gratuit du Country Risk Monitoring et obtenez des informations instantan\u00e9es sur les risques \u00e9conomiques, politiques et financiers dans le monde entier.","breadcrumb":{"@id":"https:\/\/taceconomics.com\/country-risk-monitoring-free-trial\/#breadcrumb"},"inLanguage":"fr-FR","potentialAction":[{"@type":"ReadAction","target":["https:\/\/taceconomics.com\/country-risk-monitoring-free-trial\/"]}]},{"@type":"BreadcrumbList","@id":"https:\/\/taceconomics.com\/country-risk-monitoring-free-trial\/#breadcrumb","itemListElement":[{"@type":"ListItem","position":1,"name":"Home","item":"https:\/\/taceconomics.com\/"},{"@type":"ListItem","position":2,"name":"Formulaire H P &#8211; 2Country Risk Monitoring-CONTACT"}]},{"@type":"WebSite","@id":"https:\/\/taceconomics.com\/en\/#website","url":"https:\/\/taceconomics.com\/en\/","name":"TAC ECONOMICS","description":"Conseil \u00e9conomique et financier","publisher":{"@id":"https:\/\/taceconomics.com\/en\/#organization"},"potentialAction":[{"@type":"SearchAction","target":{"@type":"EntryPoint","urlTemplate":"https:\/\/taceconomics.com\/en\/?s={search_term_string}"},"query-input":{"@type":"PropertyValueSpecification","valueRequired":true,"valueName":"search_term_string"}}],"inLanguage":"fr-FR"},{"@type":"Organization","@id":"https:\/\/taceconomics.com\/en\/#organization","name":"TAC ECONOMICS","url":"https:\/\/taceconomics.com\/en\/","logo":{"@type":"ImageObject","inLanguage":"fr-FR","@id":"https:\/\/taceconomics.com\/en\/#\/schema\/logo\/image\/","url":"https:\/\/taceconomics.com\/wp-content\/uploads\/2024\/10\/TAC-logo.jpg","contentUrl":"https:\/\/taceconomics.com\/wp-content\/uploads\/2024\/10\/TAC-logo.jpg","width":600,"height":320,"caption":"TAC ECONOMICS"},"image":{"@id":"https:\/\/taceconomics.com\/en\/#\/schema\/logo\/image\/"},"sameAs":["https:\/\/www.linkedin.com\/company\/tac-economics?originalSubdomain=fr"]}]}},"_links":{"self":[{"href":"https:\/\/taceconomics.com\/fr\/wp-json\/wp\/v2\/pages\/18340","targetHints":{"allow":["GET"]}}],"collection":[{"href":"https:\/\/taceconomics.com\/fr\/wp-json\/wp\/v2\/pages"}],"about":[{"href":"https:\/\/taceconomics.com\/fr\/wp-json\/wp\/v2\/types\/page"}],"author":[{"embeddable":true,"href":"https:\/\/taceconomics.com\/fr\/wp-json\/wp\/v2\/users\/5"}],"replies":[{"embeddable":true,"href":"https:\/\/taceconomics.com\/fr\/wp-json\/wp\/v2\/comments?post=18340"}],"version-history":[{"count":21,"href":"https:\/\/taceconomics.com\/fr\/wp-json\/wp\/v2\/pages\/18340\/revisions"}],"predecessor-version":[{"id":28954,"href":"https:\/\/taceconomics.com\/fr\/wp-json\/wp\/v2\/pages\/18340\/revisions\/28954"}],"wp:attachment":[{"href":"https:\/\/taceconomics.com\/fr\/wp-json\/wp\/v2\/media?parent=18340"}],"curies":[{"name":"wp","href":"https:\/\/api.w.org\/{rel}","templated":true}]}}