{"id":18262,"date":"2024-02-27T18:00:28","date_gmt":"2024-02-27T17:00:28","guid":{"rendered":"https:\/\/taceconomics.com\/?page_id=18262"},"modified":"2026-03-17T16:52:57","modified_gmt":"2026-03-17T15:52:57","slug":"subscriptions-services-datalab","status":"publish","type":"page","link":"https:\/\/taceconomics.com\/fr\/subscriptions-services-datalab\/","title":{"rendered":"Formulaire H P &#8211; 1DataLab &#8211; CONTACT"},"content":{"rendered":"\t\t<div data-elementor-type=\"wp-page\" data-elementor-id=\"18262\" class=\"elementor elementor-18262\" data-elementor-post-type=\"page\">\n\t\t\t\t<div class=\"elementor-element elementor-element-6963f7f e-flex e-con-boxed e-con e-parent\" data-id=\"6963f7f\" data-element_type=\"container\" data-e-type=\"container\" data-settings=\"{&quot;background_background&quot;:&quot;classic&quot;}\">\n\t\t\t\t\t<div class=\"e-con-inner\">\n\t\t<div class=\"elementor-element elementor-element-b104597 e-con-full e-flex e-con e-child\" data-id=\"b104597\" data-element_type=\"container\" data-e-type=\"container\">\n\t\t\t\t<div class=\"elementor-element elementor-element-7fd771c elementor-widget elementor-widget-heading\" data-id=\"7fd771c\" data-element_type=\"widget\" data-e-type=\"widget\" data-widget_type=\"heading.default\">\n\t\t\t\t\t<h1 class=\"elementor-heading-title elementor-size-default\">DataLab<\/h1>\t\t\t\t<\/div>\n\t\t\t\t<\/div>\n\t\t\t\t\t<\/div>\n\t\t\t\t<\/div>\n\t\t<div class=\"elementor-element elementor-element-9d0190f e-flex e-con-boxed e-con e-parent\" data-id=\"9d0190f\" data-element_type=\"container\" data-e-type=\"container\">\n\t\t\t\t\t<div class=\"e-con-inner\">\n\t\t<div class=\"elementor-element elementor-element-3ddbb96 e-con-full e-flex e-con e-child\" data-id=\"3ddbb96\" data-element_type=\"container\" data-e-type=\"container\">\n\t\t\t\t<div class=\"elementor-element elementor-element-160bbf1 elementor-widget elementor-widget-heading\" data-id=\"160bbf1\" data-element_type=\"widget\" data-e-type=\"widget\" data-widget_type=\"heading.default\">\n\t\t\t\t\t<h2 class=\"elementor-heading-title elementor-size-default\">Explore our Datalab service, meticulously crafted by our team of economists and data scientists.<\/h2>\t\t\t\t<\/div>\n\t\t\t\t<div class=\"elementor-element elementor-element-6d96f69 elementor-widget-divider--view-line elementor-widget elementor-widget-divider\" data-id=\"6d96f69\" data-element_type=\"widget\" data-e-type=\"widget\" data-widget_type=\"divider.default\">\n\t\t\t\t\t\t\t<div class=\"elementor-divider\">\n\t\t\t<span class=\"elementor-divider-separator\">\n\t\t\t\t\t\t<\/span>\n\t\t<\/div>\n\t\t\t\t\t\t<\/div>\n\t\t\t\t<div class=\"elementor-element elementor-element-d4977b0 elementor-widget elementor-widget-text-editor\" data-id=\"d4977b0\" data-element_type=\"widget\" data-e-type=\"widget\" data-widget_type=\"text-editor.default\">\n\t\t\t\t\t\t\t\t\t<p>TAC ECONOMICS Datalab serves as a comprehensive repository, consolidating macroeconomic, financial, and sector-specific data on a global scale. It offers secure API access and receives daily updates. Additionally, it seamlessly integrates insights derived from TAC ECONOMICS&#8217; AI models, encompassing risk ratings, alert signals, and forecasts.<\/p><p><strong>Key features of our Datalab include:<\/strong><\/p><ul><li>Access to a vast array of economic and financial data sourced from national statistical offices, central banks, and international institutions.<\/li><li>Availability of TAC ECONOMICS&#8217; exclusive premium datasets, comprising composite indicators, predictive models, ratings, and early-warning signals.<\/li><li>Effortless data importation into Excel, R, or Python through individualized secure API keys, alongside access to a dedicated platform.<\/li><li>Comprehensive coverage spanning over 200 countries, incorporating both national and international data sources.<\/li><\/ul><p><b>\u00a0<\/b><\/p><p><b>Start your free trial now<\/b><b>, kindly complete the form provided to connect with our team.<br \/><\/b><\/p><p><b>\u00a0<\/b><\/p>\t\t\t\t\t\t\t\t<\/div>\n\t\t\t\t<\/div>\n\t\t<div class=\"elementor-element elementor-element-621b61d e-con-full e-flex e-con e-child\" data-id=\"621b61d\" data-element_type=\"container\" data-e-type=\"container\" data-settings=\"{&quot;background_background&quot;:&quot;gradient&quot;}\">\n\t\t\t\t<div class=\"elementor-element elementor-element-cecefb7 elementor-button-align-stretch elementor-widget elementor-widget-form\" data-id=\"cecefb7\" data-element_type=\"widget\" data-e-type=\"widget\" data-settings=\"{&quot;step_next_label&quot;:&quot;Suivant&quot;,&quot;step_previous_label&quot;:&quot;Pr\\u00e9c\\u00e9dent&quot;,&quot;button_width&quot;:&quot;100&quot;,&quot;step_type&quot;:&quot;number_text&quot;,&quot;step_icon_shape&quot;:&quot;circle&quot;}\" data-widget_type=\"form.default\">\n\t\t\t\t\t\t\t<form class=\"elementor-form\" method=\"post\" name=\"Formulaire DataLab\" aria-label=\"Formulaire DataLab\">\n\t\t\t<input type=\"hidden\" name=\"post_id\" value=\"18262\"\/>\n\t\t\t<input type=\"hidden\" name=\"form_id\" value=\"cecefb7\"\/>\n\t\t\t<input type=\"hidden\" name=\"referer_title\" value=\"TAC ECONOMICS\" \/>\n\n\t\t\t\n\t\t\t<div class=\"elementor-form-fields-wrapper elementor-labels-above\">\n\t\t\t\t\t\t\t\t<div class=\"elementor-field-type-text elementor-field-group elementor-column elementor-field-group-name elementor-col-100 elementor-field-required elementor-mark-required\">\n\t\t\t\t\t\t\t\t\t\t\t\t<label for=\"form-field-name\" class=\"elementor-field-label\">\n\t\t\t\t\t\t\t\tFirst Name\t\t\t\t\t\t\t<\/label>\n\t\t\t\t\t\t\t\t\t\t\t\t\t\t<input size=\"1\" type=\"text\" name=\"form_fields[name]\" id=\"form-field-name\" class=\"elementor-field elementor-size-sm  elementor-field-textual\" required=\"required\">\n\t\t\t\t\t\t\t\t\t\t\t<\/div>\n\t\t\t\t\t\t\t\t<div class=\"elementor-field-type-text elementor-field-group elementor-column elementor-field-group-field_12466cf elementor-col-100 elementor-field-required elementor-mark-required\">\n\t\t\t\t\t\t\t\t\t\t\t\t<label for=\"form-field-field_12466cf\" class=\"elementor-field-label\">\n\t\t\t\t\t\t\t\tFunction\/Job Title\t\t\t\t\t\t\t<\/label>\n\t\t\t\t\t\t\t\t\t\t\t\t\t\t<input size=\"1\" type=\"text\" name=\"form_fields[field_12466cf]\" id=\"form-field-field_12466cf\" class=\"elementor-field elementor-size-sm  elementor-field-textual\" required=\"required\">\n\t\t\t\t\t\t\t\t\t\t\t<\/div>\n\t\t\t\t\t\t\t\t<div class=\"elementor-field-type-email elementor-field-group elementor-column elementor-field-group-email elementor-col-100 elementor-field-required elementor-mark-required\">\n\t\t\t\t\t\t\t\t\t\t\t\t<label for=\"form-field-email\" class=\"elementor-field-label\">\n\t\t\t\t\t\t\t\tProfessional Email\t\t\t\t\t\t\t<\/label>\n\t\t\t\t\t\t\t\t\t\t\t\t\t\t<input size=\"1\" type=\"email\" name=\"form_fields[email]\" id=\"form-field-email\" class=\"elementor-field elementor-size-sm  elementor-field-textual\" required=\"required\">\n\t\t\t\t\t\t\t\t\t\t\t<\/div>\n\t\t\t\t\t\t\t\t<div class=\"elementor-field-type-textarea elementor-field-group elementor-column elementor-field-group-message elementor-col-100 elementor-field-required elementor-mark-required\">\n\t\t\t\t\t\t\t\t\t\t\t\t<label for=\"form-field-message\" class=\"elementor-field-label\">\n\t\t\t\t\t\t\t\tMessage\t\t\t\t\t\t\t<\/label>\n\t\t\t\t\t\t<textarea class=\"elementor-field-textual elementor-field  elementor-size-sm\" name=\"form_fields[message]\" id=\"form-field-message\" rows=\"6\" required=\"required\"><\/textarea>\t\t\t\t<\/div>\n\t\t\t\t\t\t\t\t<div class=\"elementor-field-type-checkbox elementor-field-group elementor-column elementor-field-group-field_54537f9 elementor-col-100\">\n\t\t\t\t\t<div class=\"elementor-field-subgroup  elementor-subgroup-inline\"><span class=\"elementor-field-option\"><input type=\"checkbox\" value=\"I consent to receive TAC ECONOMICS newsletters, product announcements, webinar and event invitations. I understand that I can withdraw my consent at any time. For more information, please see our Privacy Policy.\" id=\"form-field-field_54537f9-0\" name=\"form_fields[field_54537f9]\"> <label for=\"form-field-field_54537f9-0\">I consent to receive TAC ECONOMICS newsletters, product announcements, webinar and event invitations. I understand that I can withdraw my consent at any time. For more information, please see our Privacy Policy.<\/label><\/span><\/div>\t\t\t\t<\/div>\n\t\t\t\t\t\t\t\t<div class=\"elementor-field-group elementor-column elementor-field-type-submit elementor-col-100 e-form__buttons\">\n\t\t\t\t\t<button class=\"elementor-button elementor-size-sm\" type=\"submit\">\n\t\t\t\t\t\t<span class=\"elementor-button-content-wrapper\">\n\t\t\t\t\t\t\t\t\t\t\t\t\t\t\t\t\t\t\t\t\t\t<span class=\"elementor-button-text\">SUBMIT<\/span>\n\t\t\t\t\t\t\t\t\t\t\t\t\t<\/span>\n\t\t\t\t\t<\/button>\n\t\t\t\t<\/div>\n\t\t\t<\/div>\n\t\t<\/form>\n\t\t\t\t\t\t<\/div>\n\t\t\t\t<\/div>\n\t\t\t\t\t<\/div>\n\t\t\t\t<\/div>\n\t\t\t\t<\/div>\n\t\t","protected":false},"excerpt":{"rendered":"<p>Explore TAC ECONOMICS Datalab, a platform providing global macroeconomic and financial data, risk indicators, and analytics tools.<\/p>","protected":false},"author":5,"featured_media":0,"parent":0,"menu_order":0,"comment_status":"closed","ping_status":"closed","template":"","meta":{"_monsterinsights_skip_tracking":false,"_monsterinsights_sitenote_active":false,"_monsterinsights_sitenote_note":"","_monsterinsights_sitenote_category":0,"footnotes":""},"class_list":["post-18262","page","type-page","status-publish","hentry"],"yoast_head":"<!-- This site is optimized with the Yoast SEO plugin v27.2 - https:\/\/yoast.com\/product\/yoast-seo-wordpress\/ -->\n<title>DataLab Platform | Free Trial - TAC ECONOMICS<\/title>\n<meta name=\"description\" content=\"Access TAC ECONOMICS DataLab: secure API, real-time economic &amp; financial data, AI insights, and analytics. Optimize decisions with our platform.\" \/>\n<meta name=\"robots\" content=\"index, follow, max-snippet:-1, max-image-preview:large, max-video-preview:-1\" \/>\n<link rel=\"canonical\" href=\"https:\/\/taceconomics.com\/fr\/subscriptions-services-datalab\/\" \/>\n<meta property=\"og:locale\" content=\"fr_FR\" \/>\n<meta property=\"og:type\" content=\"article\" \/>\n<meta property=\"og:title\" content=\"DataLab Platform | Free Trial - TAC ECONOMICS\" \/>\n<meta property=\"og:description\" content=\"Access TAC ECONOMICS DataLab: secure API, real-time economic &amp; financial data, AI insights, and analytics. Optimize decisions with our platform.\" \/>\n<meta property=\"og:url\" content=\"https:\/\/taceconomics.com\/fr\/subscriptions-services-datalab\/\" \/>\n<meta property=\"og:site_name\" content=\"TAC ECONOMICS\" \/>\n<meta property=\"article:modified_time\" content=\"2026-03-17T15:52:57+00:00\" \/>\n<meta name=\"twitter:card\" content=\"summary_large_image\" \/>\n<meta name=\"twitter:label1\" content=\"Dur\u00e9e de lecture estim\u00e9e\" \/>\n\t<meta name=\"twitter:data1\" content=\"1 minute\" \/>\n<script type=\"application\/ld+json\" class=\"yoast-schema-graph\">{\"@context\":\"https:\/\/schema.org\",\"@graph\":[{\"@type\":\"WebPage\",\"@id\":\"https:\/\/taceconomics.com\/subscriptions-services-datalab\/\",\"url\":\"https:\/\/taceconomics.com\/subscriptions-services-datalab\/\",\"name\":\"DataLab Platform | Free Trial - TAC ECONOMICS\",\"isPartOf\":{\"@id\":\"https:\/\/taceconomics.com\/en\/#website\"},\"datePublished\":\"2024-02-27T17:00:28+00:00\",\"dateModified\":\"2026-03-17T15:52:57+00:00\",\"description\":\"Access TAC ECONOMICS DataLab: secure API, real-time economic & financial data, AI insights, and analytics. Optimize decisions with our platform.\",\"breadcrumb\":{\"@id\":\"https:\/\/taceconomics.com\/subscriptions-services-datalab\/#breadcrumb\"},\"inLanguage\":\"fr-FR\",\"potentialAction\":[{\"@type\":\"ReadAction\",\"target\":[\"https:\/\/taceconomics.com\/subscriptions-services-datalab\/\"]}]},{\"@type\":\"BreadcrumbList\",\"@id\":\"https:\/\/taceconomics.com\/subscriptions-services-datalab\/#breadcrumb\",\"itemListElement\":[{\"@type\":\"ListItem\",\"position\":1,\"name\":\"Home\",\"item\":\"https:\/\/taceconomics.com\/\"},{\"@type\":\"ListItem\",\"position\":2,\"name\":\"Formulaire H P &#8211; 1DataLab &#8211; CONTACT\"}]},{\"@type\":\"WebSite\",\"@id\":\"https:\/\/taceconomics.com\/en\/#website\",\"url\":\"https:\/\/taceconomics.com\/en\/\",\"name\":\"TAC ECONOMICS\",\"description\":\"Economics and Financial Advisory\",\"publisher\":{\"@id\":\"https:\/\/taceconomics.com\/en\/#organization\"},\"potentialAction\":[{\"@type\":\"SearchAction\",\"target\":{\"@type\":\"EntryPoint\",\"urlTemplate\":\"https:\/\/taceconomics.com\/en\/?s={search_term_string}\"},\"query-input\":{\"@type\":\"PropertyValueSpecification\",\"valueRequired\":true,\"valueName\":\"search_term_string\"}}],\"inLanguage\":\"fr-FR\"},{\"@type\":\"Organization\",\"@id\":\"https:\/\/taceconomics.com\/en\/#organization\",\"name\":\"TAC ECONOMICS\",\"url\":\"https:\/\/taceconomics.com\/en\/\",\"logo\":{\"@type\":\"ImageObject\",\"inLanguage\":\"fr-FR\",\"@id\":\"https:\/\/taceconomics.com\/en\/#\/schema\/logo\/image\/\",\"url\":\"https:\/\/taceconomics.com\/wp-content\/uploads\/2024\/10\/TAC-logo.jpg\",\"contentUrl\":\"https:\/\/taceconomics.com\/wp-content\/uploads\/2024\/10\/TAC-logo.jpg\",\"width\":600,\"height\":320,\"caption\":\"TAC ECONOMICS\"},\"image\":{\"@id\":\"https:\/\/taceconomics.com\/en\/#\/schema\/logo\/image\/\"},\"sameAs\":[\"https:\/\/www.linkedin.com\/company\/tac-economics?originalSubdomain=fr\"]}]}<\/script>\n<!-- \/ Yoast SEO plugin. -->","yoast_head_json":{"title":"DataLab Platform | Free Trial - TAC ECONOMICS","description":"Acc\u00e9dez au DataLab TAC ECONOMICS : API s\u00e9curis\u00e9e, donn\u00e9es \u00e9conomiques et financi\u00e8res en temps r\u00e9el, informations issues de l'IA et analyses. Optimisez vos d\u00e9cisions gr\u00e2ce \u00e0 notre plateforme.","robots":{"index":"index","follow":"follow","max-snippet":"max-snippet:-1","max-image-preview":"max-image-preview:large","max-video-preview":"max-video-preview:-1"},"canonical":"https:\/\/taceconomics.com\/fr\/subscriptions-services-datalab\/","og_locale":"fr_FR","og_type":"article","og_title":"DataLab Platform | Free Trial - TAC ECONOMICS","og_description":"Access TAC ECONOMICS DataLab: secure API, real-time economic & financial data, AI insights, and analytics. Optimize decisions with our platform.","og_url":"https:\/\/taceconomics.com\/fr\/subscriptions-services-datalab\/","og_site_name":"TAC ECONOMICS","article_modified_time":"2026-03-17T15:52:57+00:00","twitter_card":"summary_large_image","twitter_misc":{"Dur\u00e9e de lecture estim\u00e9e":"1 minute"},"schema":{"@context":"https:\/\/schema.org","@graph":[{"@type":"WebPage","@id":"https:\/\/taceconomics.com\/subscriptions-services-datalab\/","url":"https:\/\/taceconomics.com\/subscriptions-services-datalab\/","name":"DataLab Platform | Free Trial - TAC ECONOMICS","isPartOf":{"@id":"https:\/\/taceconomics.com\/en\/#website"},"datePublished":"2024-02-27T17:00:28+00:00","dateModified":"2026-03-17T15:52:57+00:00","description":"Acc\u00e9dez au DataLab TAC ECONOMICS : API s\u00e9curis\u00e9e, donn\u00e9es \u00e9conomiques et financi\u00e8res en temps r\u00e9el, informations issues de l'IA et analyses. Optimisez vos d\u00e9cisions gr\u00e2ce \u00e0 notre plateforme.","breadcrumb":{"@id":"https:\/\/taceconomics.com\/subscriptions-services-datalab\/#breadcrumb"},"inLanguage":"fr-FR","potentialAction":[{"@type":"ReadAction","target":["https:\/\/taceconomics.com\/subscriptions-services-datalab\/"]}]},{"@type":"BreadcrumbList","@id":"https:\/\/taceconomics.com\/subscriptions-services-datalab\/#breadcrumb","itemListElement":[{"@type":"ListItem","position":1,"name":"Home","item":"https:\/\/taceconomics.com\/"},{"@type":"ListItem","position":2,"name":"Formulaire H P &#8211; 1DataLab &#8211; CONTACT"}]},{"@type":"WebSite","@id":"https:\/\/taceconomics.com\/en\/#website","url":"https:\/\/taceconomics.com\/en\/","name":"TAC ECONOMICS","description":"Conseil \u00e9conomique et financier","publisher":{"@id":"https:\/\/taceconomics.com\/en\/#organization"},"potentialAction":[{"@type":"SearchAction","target":{"@type":"EntryPoint","urlTemplate":"https:\/\/taceconomics.com\/en\/?s={search_term_string}"},"query-input":{"@type":"PropertyValueSpecification","valueRequired":true,"valueName":"search_term_string"}}],"inLanguage":"fr-FR"},{"@type":"Organization","@id":"https:\/\/taceconomics.com\/en\/#organization","name":"TAC ECONOMICS","url":"https:\/\/taceconomics.com\/en\/","logo":{"@type":"ImageObject","inLanguage":"fr-FR","@id":"https:\/\/taceconomics.com\/en\/#\/schema\/logo\/image\/","url":"https:\/\/taceconomics.com\/wp-content\/uploads\/2024\/10\/TAC-logo.jpg","contentUrl":"https:\/\/taceconomics.com\/wp-content\/uploads\/2024\/10\/TAC-logo.jpg","width":600,"height":320,"caption":"TAC ECONOMICS"},"image":{"@id":"https:\/\/taceconomics.com\/en\/#\/schema\/logo\/image\/"},"sameAs":["https:\/\/www.linkedin.com\/company\/tac-economics?originalSubdomain=fr"]}]}},"_links":{"self":[{"href":"https:\/\/taceconomics.com\/fr\/wp-json\/wp\/v2\/pages\/18262","targetHints":{"allow":["GET"]}}],"collection":[{"href":"https:\/\/taceconomics.com\/fr\/wp-json\/wp\/v2\/pages"}],"about":[{"href":"https:\/\/taceconomics.com\/fr\/wp-json\/wp\/v2\/types\/page"}],"author":[{"embeddable":true,"href":"https:\/\/taceconomics.com\/fr\/wp-json\/wp\/v2\/users\/5"}],"replies":[{"embeddable":true,"href":"https:\/\/taceconomics.com\/fr\/wp-json\/wp\/v2\/comments?post=18262"}],"version-history":[{"count":48,"href":"https:\/\/taceconomics.com\/fr\/wp-json\/wp\/v2\/pages\/18262\/revisions"}],"predecessor-version":[{"id":28953,"href":"https:\/\/taceconomics.com\/fr\/wp-json\/wp\/v2\/pages\/18262\/revisions\/28953"}],"wp:attachment":[{"href":"https:\/\/taceconomics.com\/fr\/wp-json\/wp\/v2\/media?parent=18262"}],"curies":[{"name":"wp","href":"https:\/\/api.w.org\/{rel}","templated":true}]}}