{"id":11942,"date":"2020-09-10T14:53:26","date_gmt":"2020-09-10T12:53:26","guid":{"rendered":"http:\/\/taceconomics.com\/?page_id=11942"},"modified":"2026-03-18T14:46:42","modified_gmt":"2026-03-18T13:46:42","slug":"carrieres","status":"publish","type":"page","link":"https:\/\/taceconomics.com\/fr\/careers\/","title":{"rendered":"Carri\u00e8res"},"content":{"rendered":"<div data-elementor-type=\"wp-page\" data-elementor-id=\"11942\" class=\"elementor elementor-11942\" data-elementor-post-type=\"page\">\n\t\t\t\t<div class=\"elementor-element elementor-element-3b24ec6 e-flex e-con-boxed e-con e-parent\" data-id=\"3b24ec6\" data-element_type=\"container\" data-e-type=\"container\" data-settings=\"{&quot;background_background&quot;:&quot;classic&quot;}\">\n\t\t\t\t\t<div class=\"e-con-inner\">\n\t\t<div class=\"elementor-element elementor-element-92088d3 e-con-full e-flex e-con e-child\" data-id=\"92088d3\" data-element_type=\"container\" data-e-type=\"container\">\n\t\t\t\t<div class=\"elementor-element elementor-element-55c29e0 elementor-widget elementor-widget-heading\" data-id=\"55c29e0\" data-element_type=\"widget\" data-e-type=\"widget\" data-widget_type=\"heading.default\">\n\t\t\t\t\t<h1 class=\"elementor-heading-title elementor-size-default\">Carri\u00e8res chez TAC ECONOMICS<\/h1>\t\t\t\t<\/div>\n\t\t\t\t<div class=\"elementor-element elementor-element-c52523f elementor-widget elementor-widget-heading\" data-id=\"c52523f\" data-element_type=\"widget\" data-e-type=\"widget\" data-widget_type=\"heading.default\">\n\t\t\t\t\t<h3 class=\"elementor-heading-title elementor-size-default\">Postuler \u00e0 un emploi ou \u00e0 un stage<\/h3>\t\t\t\t<\/div>\n\t\t\t\t<\/div>\n\t\t\t\t\t<\/div>\n\t\t\t\t<\/div>\n\t\t<div class=\"elementor-element elementor-element-727159e e-flex e-con-boxed e-con e-parent\" data-id=\"727159e\" data-element_type=\"container\" data-e-type=\"container\">\n\t\t\t\t\t<div class=\"e-con-inner\">\n\t\t<div class=\"elementor-element elementor-element-6fca1ec e-con-full e-flex e-con e-child\" data-id=\"6fca1ec\" data-element_type=\"container\" data-e-type=\"container\">\n\t\t\t\t<div class=\"elementor-element elementor-element-d005249 elementor-widget elementor-widget-text-editor\" data-id=\"d005249\" data-element_type=\"widget\" data-e-type=\"widget\" data-widget_type=\"text-editor.default\">\n\t\t\t\t\t\t\t\t\t<p>Nous sommes r\u00e9guli\u00e8rement \u00e0 la recherche d'\u00e9conomistes ayant suivi une formation de haut niveau et poss\u00e9dant une excellente compr\u00e9hension des relations entre la macro\u00e9conomie et les march\u00e9s financiers, ainsi que des data analysts ou des data scientists.<\/p>\t\t\t\t\t\t\t\t<\/div>\n\t\t\t\t<\/div>\n\t\t\t\t<div class=\"elementor-element elementor-element-2c20da2 elementor-invisible elementor-widget elementor-widget-heading\" data-id=\"2c20da2\" data-element_type=\"widget\" data-e-type=\"widget\" data-settings=\"{&quot;_animation&quot;:&quot;fadeInUp&quot;}\" data-widget_type=\"heading.default\">\n\t\t\t\t\t<h2 class=\"elementor-heading-title elementor-size-default\">Pourquoi rejoindre TAC ECONOMICS ?<\/h2>\t\t\t\t<\/div>\n\t\t\t\t<div class=\"elementor-element elementor-element-ff1f15d elementor-widget elementor-widget-text-editor\" data-id=\"ff1f15d\" data-element_type=\"widget\" data-e-type=\"widget\" data-widget_type=\"text-editor.default\">\n\t\t\t\t\t\t\t\t\t<p>Chez <a href=\"https:\/\/taceconomics.com\/fr\/\">TAC ECONOMICS<\/a>Nous combinons <a href=\"https:\/\/taceconomics.com\/fr\/subscriptions-services-previsions-change\/\">la recherche \u00e9conomique<\/a>, la mod\u00e9lisation quantitative et l'intelligence artificielle pour analyser les tendances \u00e9conomiques mondiales, les risques pays et les march\u00e9s financiers.<\/p><p>Notre \u00e9quipe collabore avec des institutions financi\u00e8res, des gestionnaires d'actifs et des entreprises internationales afin de fournir des analyses \u00e9conomiques prospectives et des outils d'analyse des risques.<\/p><p>Rejoindre TAC ECONOMICS, c'est travailler \u00e0 la crois\u00e9e de l'\u00e9conomie, des data et de la strat\u00e9gie internationale, au sein d'un environnement tr\u00e8s stimulant.<\/p>\t\t\t\t\t\t\t\t<\/div>\n\t\t<div class=\"elementor-element elementor-element-3cfb762 e-con-full e-flex e-con e-child\" data-id=\"3cfb762\" data-element_type=\"container\" data-e-type=\"container\">\n\t\t\t\t<div class=\"elementor-element elementor-element-b29b4e2 elementor-invisible elementor-widget elementor-widget-heading\" data-id=\"b29b4e2\" data-element_type=\"widget\" data-e-type=\"widget\" data-settings=\"{&quot;_animation&quot;:&quot;fadeInUp&quot;}\" data-widget_type=\"heading.default\">\n\t\t\t\t\t<h2 class=\"elementor-heading-title elementor-size-default\">Postes \u00e0 pourvoir<\/h2>\t\t\t\t<\/div>\n\t\t\t\t<div class=\"elementor-element elementor-element-ce77d74 elementor-widget elementor-widget-text-editor\" data-id=\"ce77d74\" data-element_type=\"widget\" data-e-type=\"widget\" data-widget_type=\"text-editor.default\">\n\t\t\t\t\t\t\t\t\t<p data-start=\"1030\" data-end=\"1083\">Nous recrutons r\u00e9guli\u00e8rement dans les domaines suivants :<\/p><ul data-start=\"1085\" data-end=\"1279\"><li data-section-id=\"6ajrzd\" data-start=\"1085\" data-end=\"1126\"><p data-start=\"1087\" data-end=\"1126\">Economistes et analystes macro-\u00e9conomiques<\/p><\/li><li data-section-id=\"4hv4ya\" data-start=\"1127\" data-end=\"1180\"><p data-start=\"1129\" data-end=\"1180\">Data scientists sp\u00e9cialis\u00e9s en mod\u00e8les \u00e9conomiques<\/p><\/li><li data-section-id=\"121gwqy\" data-start=\"1181\" data-end=\"1210\"><p data-start=\"1183\" data-end=\"1210\">Analystes march\u00e9s financiers<\/p><\/li><\/ul><p data-start=\"1281\" data-end=\"1359\">Si vous souhaitez rejoindre notre \u00e9quipe, n'h\u00e9sitez pas \u00e0 nous envoyer votre candidature.<\/p>\t\t\t\t\t\t\t\t<\/div>\n\t\t\t\t<\/div>\n\t\t\t\t\t<\/div>\n\t\t\t\t<\/div>\n\t\t<div class=\"elementor-element elementor-element-75b92ac e-flex e-con-boxed e-con e-parent\" data-id=\"75b92ac\" data-element_type=\"container\" data-e-type=\"container\">\n\t\t\t\t\t<div class=\"e-con-inner\">\n\t\t<div class=\"elementor-element elementor-element-1869550 e-con-full e-flex e-con e-child\" data-id=\"1869550\" data-element_type=\"container\" data-e-type=\"container\">\n\t\t<div class=\"elementor-element elementor-element-bdad649 e-con-full e-flex e-con e-child\" data-id=\"bdad649\" data-element_type=\"container\" data-e-type=\"container\" data-settings=\"{&quot;background_background&quot;:&quot;classic&quot;}\">\n\t\t\t\t<div class=\"elementor-element elementor-element-9306bd5 elementor-widget elementor-widget-text-editor\" data-id=\"9306bd5\" data-element_type=\"widget\" data-e-type=\"widget\" data-widget_type=\"text-editor.default\">\n\t\t\t\t\t\t\t\t\t<p><span style=\"color: #ffffff; font-size: 1rem;\">Pour d\u00e9poser votre candidature, adressez nous votre lettre de motivation et votre curriculum vitae \u00e0 l'adresse suivante <u>info@taceconomics.com<\/u><\/span><\/p>\t\t\t\t\t\t\t\t<\/div>\n\t\t\t\t<\/div>\n\t\t\t\t<\/div>\n\t\t<div class=\"elementor-element elementor-element-43f90a3 e-con-full e-flex e-con e-child\" data-id=\"43f90a3\" data-element_type=\"container\" data-e-type=\"container\">\n\t\t\t\t<div class=\"elementor-element elementor-element-c463063 elementor-widget__width-initial elementor-widget elementor-widget-image\" data-id=\"c463063\" data-element_type=\"widget\" data-e-type=\"widget\" data-widget_type=\"image.default\">\n\t\t\t\t\t\t\t\t\t\t\t\t\t\t\t<img fetchpriority=\"high\" decoding=\"async\" width=\"800\" height=\"590\" src=\"https:\/\/taceconomics.com\/wp-content\/uploads\/2025\/05\/2h-media-Pmu3QMN1Bpo-unsplash-scaled-e1747294063302-1024x755.jpg\" class=\"attachment-large size-large wp-image-25486\" alt=\"Team Work\" srcset=\"https:\/\/taceconomics.com\/wp-content\/uploads\/2025\/05\/2h-media-Pmu3QMN1Bpo-unsplash-scaled-e1747294063302-1024x755.jpg 1024w, https:\/\/taceconomics.com\/wp-content\/uploads\/2025\/05\/2h-media-Pmu3QMN1Bpo-unsplash-scaled-e1747294063302-300x221.jpg 300w, https:\/\/taceconomics.com\/wp-content\/uploads\/2025\/05\/2h-media-Pmu3QMN1Bpo-unsplash-scaled-e1747294063302-768x567.jpg 768w, https:\/\/taceconomics.com\/wp-content\/uploads\/2025\/05\/2h-media-Pmu3QMN1Bpo-unsplash-scaled-e1747294063302-16x12.jpg 16w\" sizes=\"(max-width: 800px) 100vw, 800px\" \/>\t\t\t\t\t\t\t\t\t\t\t\t\t\t\t<\/div>\n\t\t\t\t<\/div>\n\t\t\t\t\t<\/div>\n\t\t\t\t<\/div>\n\t\t\t\t<\/div>","protected":false},"excerpt":{"rendered":"<p>Explore career opportunities at TAC ECONOMICS and work on cutting-edge economic analysis, country risk and financial market research using quantitative models and AI.<\/p>","protected":false},"author":1,"featured_media":0,"parent":0,"menu_order":0,"comment_status":"closed","ping_status":"closed","template":"","meta":{"_acf_changed":false,"_monsterinsights_skip_tracking":false,"_monsterinsights_sitenote_active":false,"_monsterinsights_sitenote_note":"","_monsterinsights_sitenote_category":0,"footnotes":""},"class_list":["post-11942","page","type-page","status-publish","hentry"],"acf":[],"yoast_head":"<!-- This site is optimized with the Yoast SEO plugin v27.4 - https:\/\/yoast.com\/product\/yoast-seo-wordpress\/ -->\n<title>Careers: Economist &amp; Data Science Jobs | TAC ECONOMICS<\/title>\n<meta name=\"description\" content=\"Build your career with TAC ECONOMICS. Exciting opportunities await in macro-finance, research, and economic analysis.\" \/>\n<meta name=\"robots\" content=\"index, follow, max-snippet:-1, max-image-preview:large, max-video-preview:-1\" \/>\n<link rel=\"canonical\" href=\"https:\/\/taceconomics.com\/fr\/carrieres\/\" \/>\n<meta property=\"og:locale\" content=\"fr_FR\" \/>\n<meta property=\"og:type\" content=\"article\" \/>\n<meta property=\"og:title\" content=\"Careers: Economist &amp; Data Science Jobs | TAC ECONOMICS\" \/>\n<meta property=\"og:description\" content=\"Build your career with TAC ECONOMICS. Exciting opportunities await in macro-finance, research, and economic analysis.\" \/>\n<meta property=\"og:url\" content=\"https:\/\/taceconomics.com\/fr\/carrieres\/\" \/>\n<meta property=\"og:site_name\" content=\"TAC ECONOMICS\" \/>\n<meta property=\"article:modified_time\" content=\"2026-03-18T13:46:42+00:00\" \/>\n<meta property=\"og:image\" content=\"https:\/\/taceconomics.com\/wp-content\/uploads\/2025\/05\/2h-media-Pmu3QMN1Bpo-unsplash-scaled-e1747294293492.jpg\" \/>\n\t<meta property=\"og:image:width\" content=\"1000\" \/>\n\t<meta property=\"og:image:height\" content=\"738\" \/>\n\t<meta property=\"og:image:type\" content=\"image\/jpeg\" \/>\n<meta name=\"twitter:card\" content=\"summary_large_image\" \/>\n<meta name=\"twitter:label1\" content=\"Dur\u00e9e de lecture estim\u00e9e\" \/>\n\t<meta name=\"twitter:data1\" content=\"1 minute\" \/>\n<script type=\"application\/ld+json\" class=\"yoast-schema-graph\">{\"@context\":\"https:\\\/\\\/schema.org\",\"@graph\":[{\"@type\":\"WebPage\",\"@id\":\"https:\\\/\\\/taceconomics.com\\\/en\\\/careers\\\/\",\"url\":\"https:\\\/\\\/taceconomics.com\\\/en\\\/careers\\\/\",\"name\":\"Careers: Economist & Data Science Jobs | TAC ECONOMICS\",\"isPartOf\":{\"@id\":\"https:\\\/\\\/taceconomics.com\\\/en\\\/#website\"},\"primaryImageOfPage\":{\"@id\":\"https:\\\/\\\/taceconomics.com\\\/en\\\/careers\\\/#primaryimage\"},\"image\":{\"@id\":\"https:\\\/\\\/taceconomics.com\\\/en\\\/careers\\\/#primaryimage\"},\"thumbnailUrl\":\"https:\\\/\\\/taceconomics.com\\\/wp-content\\\/uploads\\\/2025\\\/05\\\/2h-media-Pmu3QMN1Bpo-unsplash-scaled-e1747294063302-1024x755.jpg\",\"datePublished\":\"2020-09-10T12:53:26+00:00\",\"dateModified\":\"2026-03-18T13:46:42+00:00\",\"description\":\"Build your career with TAC ECONOMICS. Exciting opportunities await in macro-finance, research, and economic analysis.\",\"breadcrumb\":{\"@id\":\"https:\\\/\\\/taceconomics.com\\\/en\\\/careers\\\/#breadcrumb\"},\"inLanguage\":\"fr-FR\",\"potentialAction\":[{\"@type\":\"ReadAction\",\"target\":[\"https:\\\/\\\/taceconomics.com\\\/en\\\/careers\\\/\"]}]},{\"@type\":\"ImageObject\",\"inLanguage\":\"fr-FR\",\"@id\":\"https:\\\/\\\/taceconomics.com\\\/en\\\/careers\\\/#primaryimage\",\"url\":\"https:\\\/\\\/taceconomics.com\\\/wp-content\\\/uploads\\\/2025\\\/05\\\/2h-media-Pmu3QMN1Bpo-unsplash-scaled-e1747294063302-1024x755.jpg\",\"contentUrl\":\"https:\\\/\\\/taceconomics.com\\\/wp-content\\\/uploads\\\/2025\\\/05\\\/2h-media-Pmu3QMN1Bpo-unsplash-scaled-e1747294063302-1024x755.jpg\"},{\"@type\":\"BreadcrumbList\",\"@id\":\"https:\\\/\\\/taceconomics.com\\\/en\\\/careers\\\/#breadcrumb\",\"itemListElement\":[{\"@type\":\"ListItem\",\"position\":1,\"name\":\"Home\",\"item\":\"https:\\\/\\\/taceconomics.com\\\/en\\\/\"},{\"@type\":\"ListItem\",\"position\":2,\"name\":\"Careers\"}]},{\"@type\":\"WebSite\",\"@id\":\"https:\\\/\\\/taceconomics.com\\\/en\\\/#website\",\"url\":\"https:\\\/\\\/taceconomics.com\\\/en\\\/\",\"name\":\"TAC ECONOMICS\",\"description\":\"Economics and Financial Advisory\",\"publisher\":{\"@id\":\"https:\\\/\\\/taceconomics.com\\\/en\\\/#organization\"},\"potentialAction\":[{\"@type\":\"SearchAction\",\"target\":{\"@type\":\"EntryPoint\",\"urlTemplate\":\"https:\\\/\\\/taceconomics.com\\\/en\\\/?s={search_term_string}\"},\"query-input\":{\"@type\":\"PropertyValueSpecification\",\"valueRequired\":true,\"valueName\":\"search_term_string\"}}],\"inLanguage\":\"fr-FR\"},{\"@type\":\"Organization\",\"@id\":\"https:\\\/\\\/taceconomics.com\\\/en\\\/#organization\",\"name\":\"TAC ECONOMICS\",\"url\":\"https:\\\/\\\/taceconomics.com\\\/en\\\/\",\"logo\":{\"@type\":\"ImageObject\",\"inLanguage\":\"fr-FR\",\"@id\":\"https:\\\/\\\/taceconomics.com\\\/en\\\/#\\\/schema\\\/logo\\\/image\\\/\",\"url\":\"https:\\\/\\\/taceconomics.com\\\/wp-content\\\/uploads\\\/2024\\\/10\\\/TAC-logo.jpg\",\"contentUrl\":\"https:\\\/\\\/taceconomics.com\\\/wp-content\\\/uploads\\\/2024\\\/10\\\/TAC-logo.jpg\",\"width\":600,\"height\":320,\"caption\":\"TAC ECONOMICS\"},\"image\":{\"@id\":\"https:\\\/\\\/taceconomics.com\\\/en\\\/#\\\/schema\\\/logo\\\/image\\\/\"},\"sameAs\":[\"https:\\\/\\\/www.linkedin.com\\\/company\\\/tac-economics?originalSubdomain=fr\"]}]}<\/script>\n<!-- \/ Yoast SEO plugin. -->","yoast_head_json":{"title":"Opportunit\u00e9s de carri\u00e8re chez TAC ECONOMICS | Postes d'\u00e9conomistes et de data scientists","description":"Construisez votre carri\u00e8re avec TAC ECONOMICS. Des opportunit\u00e9s passionnantes vous attendent dans les domaines de la macrofinance, de la recherche et de l'analyse \u00e9conomique.","robots":{"index":"index","follow":"follow","max-snippet":"max-snippet:-1","max-image-preview":"max-image-preview:large","max-video-preview":"max-video-preview:-1"},"canonical":"https:\/\/taceconomics.com\/fr\/carrieres\/","og_locale":"fr_FR","og_type":"article","og_title":"Careers: Economist & Data Science Jobs | TAC ECONOMICS","og_description":"Build your career with TAC ECONOMICS. Exciting opportunities await in macro-finance, research, and economic analysis.","og_url":"https:\/\/taceconomics.com\/fr\/carrieres\/","og_site_name":"TAC ECONOMICS","article_modified_time":"2026-03-18T13:46:42+00:00","og_image":[{"width":1000,"height":738,"url":"https:\/\/taceconomics.com\/wp-content\/uploads\/2025\/05\/2h-media-Pmu3QMN1Bpo-unsplash-scaled-e1747294293492.jpg","type":"image\/jpeg"}],"twitter_card":"summary_large_image","twitter_misc":{"Dur\u00e9e de lecture estim\u00e9e":"1 minute"},"schema":{"@context":"https:\/\/schema.org","@graph":[{"@type":"WebPage","@id":"https:\/\/taceconomics.com\/en\/careers\/","url":"https:\/\/taceconomics.com\/en\/careers\/","name":"Opportunit\u00e9s de carri\u00e8re chez TAC ECONOMICS | Postes d'\u00e9conomistes et de data scientists","isPartOf":{"@id":"https:\/\/taceconomics.com\/en\/#website"},"primaryImageOfPage":{"@id":"https:\/\/taceconomics.com\/en\/careers\/#primaryimage"},"image":{"@id":"https:\/\/taceconomics.com\/en\/careers\/#primaryimage"},"thumbnailUrl":"https:\/\/taceconomics.com\/wp-content\/uploads\/2025\/05\/2h-media-Pmu3QMN1Bpo-unsplash-scaled-e1747294063302-1024x755.jpg","datePublished":"2020-09-10T12:53:26+00:00","dateModified":"2026-03-18T13:46:42+00:00","description":"Construisez votre carri\u00e8re avec TAC ECONOMICS. Des opportunit\u00e9s passionnantes vous attendent dans les domaines de la macrofinance, de la recherche et de l'analyse \u00e9conomique.","breadcrumb":{"@id":"https:\/\/taceconomics.com\/en\/careers\/#breadcrumb"},"inLanguage":"fr-FR","potentialAction":[{"@type":"ReadAction","target":["https:\/\/taceconomics.com\/en\/careers\/"]}]},{"@type":"ImageObject","inLanguage":"fr-FR","@id":"https:\/\/taceconomics.com\/en\/careers\/#primaryimage","url":"https:\/\/taceconomics.com\/wp-content\/uploads\/2025\/05\/2h-media-Pmu3QMN1Bpo-unsplash-scaled-e1747294063302-1024x755.jpg","contentUrl":"https:\/\/taceconomics.com\/wp-content\/uploads\/2025\/05\/2h-media-Pmu3QMN1Bpo-unsplash-scaled-e1747294063302-1024x755.jpg"},{"@type":"BreadcrumbList","@id":"https:\/\/taceconomics.com\/en\/careers\/#breadcrumb","itemListElement":[{"@type":"ListItem","position":1,"name":"Home","item":"https:\/\/taceconomics.com\/en\/"},{"@type":"ListItem","position":2,"name":"Careers"}]},{"@type":"WebSite","@id":"https:\/\/taceconomics.com\/en\/#website","url":"https:\/\/taceconomics.com\/en\/","name":"TAC ECONOMICS","description":"Conseil \u00e9conomique et financier","publisher":{"@id":"https:\/\/taceconomics.com\/en\/#organization"},"potentialAction":[{"@type":"SearchAction","target":{"@type":"EntryPoint","urlTemplate":"https:\/\/taceconomics.com\/en\/?s={search_term_string}"},"query-input":{"@type":"PropertyValueSpecification","valueRequired":true,"valueName":"search_term_string"}}],"inLanguage":"fr-FR"},{"@type":"Organization","@id":"https:\/\/taceconomics.com\/en\/#organization","name":"TAC ECONOMICS","url":"https:\/\/taceconomics.com\/en\/","logo":{"@type":"ImageObject","inLanguage":"fr-FR","@id":"https:\/\/taceconomics.com\/en\/#\/schema\/logo\/image\/","url":"https:\/\/taceconomics.com\/wp-content\/uploads\/2024\/10\/TAC-logo.jpg","contentUrl":"https:\/\/taceconomics.com\/wp-content\/uploads\/2024\/10\/TAC-logo.jpg","width":600,"height":320,"caption":"TAC ECONOMICS"},"image":{"@id":"https:\/\/taceconomics.com\/en\/#\/schema\/logo\/image\/"},"sameAs":["https:\/\/www.linkedin.com\/company\/tac-economics?originalSubdomain=fr"]}]}},"_links":{"self":[{"href":"https:\/\/taceconomics.com\/fr\/wp-json\/wp\/v2\/pages\/11942","targetHints":{"allow":["GET"]}}],"collection":[{"href":"https:\/\/taceconomics.com\/fr\/wp-json\/wp\/v2\/pages"}],"about":[{"href":"https:\/\/taceconomics.com\/fr\/wp-json\/wp\/v2\/types\/page"}],"author":[{"embeddable":true,"href":"https:\/\/taceconomics.com\/fr\/wp-json\/wp\/v2\/users\/1"}],"replies":[{"embeddable":true,"href":"https:\/\/taceconomics.com\/fr\/wp-json\/wp\/v2\/comments?post=11942"}],"version-history":[{"count":79,"href":"https:\/\/taceconomics.com\/fr\/wp-json\/wp\/v2\/pages\/11942\/revisions"}],"predecessor-version":[{"id":29000,"href":"https:\/\/taceconomics.com\/fr\/wp-json\/wp\/v2\/pages\/11942\/revisions\/29000"}],"wp:attachment":[{"href":"https:\/\/taceconomics.com\/fr\/wp-json\/wp\/v2\/media?parent=11942"}],"curies":[{"name":"wp","href":"https:\/\/api.w.org\/{rel}","templated":true}]}}